{"id":987999,"date":"2023-05-04T10:34:34","date_gmt":"2023-05-04T10:34:34","guid":{"rendered":"http:\/\/podereconcori.com\/?post_type=product&#038;p=987999"},"modified":"2026-04-09T14:14:30","modified_gmt":"2026-04-09T14:14:30","slug":"pinot-noir","status":"publish","type":"product","link":"https:\/\/podereconcori.com\/en\/product\/pinot-noir\/","title":{"rendered":"Pinot Noir"},"content":{"rendered":"<div data-elementor-type=\"product-post\" data-elementor-id=\"987999\" class=\"elementor elementor-987999\" data-elementor-post-type=\"product\">\n\t\t\t\t\t\t<section class=\"elementor-section elementor-top-section elementor-element elementor-element-291ac02 elementor-section-boxed elementor-section-height-default elementor-section-height-default\" data-id=\"291ac02\" data-element_type=\"section\" data-e-type=\"section\">\n\t\t\t\t\t\t<div class=\"elementor-container elementor-column-gap-default\">\n\t\t\t\t\t<div class=\"elementor-column elementor-col-100 elementor-top-column elementor-element elementor-element-b960f3f\" data-id=\"b960f3f\" data-element_type=\"column\" data-e-type=\"column\">\n\t\t\t<div class=\"elementor-widget-wrap elementor-element-populated\">\n\t\t\t\t\t\t<div class=\"elementor-element elementor-element-1b05cb1 elementor-widget elementor-widget-heading\" data-id=\"1b05cb1\" data-element_type=\"widget\" data-e-type=\"widget\" data-widget_type=\"heading.default\">\n\t\t\t\t<div class=\"elementor-widget-container\">\n\t\t\t\t\t<h5 class=\"elementor-heading-title elementor-size-default\">Technical description<\/h5>\t\t\t\t<\/div>\n\t\t\t\t<\/div>\n\t\t\t\t<div class=\"elementor-element elementor-element-b9044c3 elementor-widget elementor-widget-text-editor\" data-id=\"b9044c3\" data-element_type=\"widget\" data-e-type=\"widget\" data-widget_type=\"text-editor.default\">\n\t\t\t\t<div class=\"elementor-widget-container\">\n\t\t\t\t\t\t\t\t\t<p class=\"p1\"><strong><span style=\"color: var(--vamtam-primary-font-color); letter-spacing: var(--vamtam-primary-font-letter-spacing-desktop,normal); text-transform: var(--vamtam-primary-font-transform,none);\">Year: <\/span><\/strong><span style=\"color: var(--vamtam-primary-font-color); letter-spacing: var(--vamtam-primary-font-letter-spacing-desktop,normal); text-transform: var(--vamtam-primary-font-transform,none);\">2024<br \/><strong>ml:<\/strong> 750<br \/><strong>Alcohol content:<\/strong> 14,00%<br \/><\/span><\/p><hr \/><p class=\"p1\"><span style=\"color: var(--vamtam-primary-font-color); letter-spacing: var(--vamtam-primary-font-letter-spacing-desktop,normal); text-transform: var(--vamtam-primary-font-transform,none);\"><br \/><\/span><strong>Name:<\/strong> Pinot Noir IGT<br \/><strong>Variety:<\/strong> Pinot Noir 100%<br \/><strong>Vineyards:<\/strong> Noceto<br \/><strong>Method of implantation:<\/strong> single guyot with density between 4000 and 7000 vines\/hectare<br \/><strong>Soil:<\/strong> schist soil<br \/><strong>Fermentation:<\/strong> spontaneous in open tanks, 50% stalk<br \/><strong>Refinement:<\/strong> one year in small 225-litre second-hand oak barrels, cement for 5 months<br \/><strong>Production:<\/strong> 1600 bottles So2: 30 mg\\l<br \/><strong>Certifications:<\/strong> Sot Icea<\/p><p class=\"p1\"><strong>\u00a0<\/strong><\/p>\t\t\t\t\t\t\t\t<\/div>\n\t\t\t\t<\/div>\n\t\t\t\t<div class=\"elementor-element elementor-element-495ec43 elementor-widget elementor-widget-heading\" data-id=\"495ec43\" data-element_type=\"widget\" data-e-type=\"widget\" data-widget_type=\"heading.default\">\n\t\t\t\t<div class=\"elementor-widget-container\">\n\t\t\t\t\t<h5 class=\"elementor-heading-title elementor-size-default\">Acknowledgments<\/h5>\t\t\t\t<\/div>\n\t\t\t\t<\/div>\n\t\t\t\t<section class=\"elementor-section elementor-inner-section elementor-element elementor-element-5a20bcd elementor-section-boxed elementor-section-height-default elementor-section-height-default\" data-id=\"5a20bcd\" data-element_type=\"section\" data-e-type=\"section\">\n\t\t\t\t\t\t<div class=\"elementor-container elementor-column-gap-default\">\n\t\t\t\t\t<div class=\"elementor-column elementor-col-100 elementor-inner-column elementor-element elementor-element-748570c\" data-id=\"748570c\" data-element_type=\"column\" data-e-type=\"column\">\n\t\t\t<div class=\"elementor-widget-wrap elementor-element-populated\">\n\t\t\t\t\t\t<div class=\"elementor-element elementor-element-526f90f elementor-headline--style-highlight elementor-widget elementor-widget-vamtam-animated-headline\" data-id=\"526f90f\" data-element_type=\"widget\" data-e-type=\"widget\" data-settings=\"{&quot;marker&quot;:&quot;underline_zigzag&quot;,&quot;highlighted_text&quot;:&quot;Certificato di eccellenza&quot;,&quot;headline_style&quot;:&quot;highlight&quot;,&quot;loop&quot;:&quot;yes&quot;,&quot;highlight_animation_duration&quot;:1200,&quot;highlight_iteration_delay&quot;:8000}\" data-widget_type=\"vamtam-animated-headline.default\">\n\t\t\t\t<div class=\"elementor-widget-container\">\n\t\t\t\t\t\t\t\t\t<h5 class=\"elementor-headline\">\n\t\t\t\t\t\t\t\t\t\t\t\t\t\t\t\t\t\t<span class=\"elementor-headline-plain-text elementor-headline-text-wrapper\">Organic Guide: <br><\/span>\n\t\t\t\t\t\t\t\t\t\t\t\t<span class=\"elementor-headline-dynamic-wrapper elementor-headline-text-wrapper\">\n\t\t\t\t\t\t\t\t\t\t\t\t\t<span class=\"elementor-headline-dynamic-text elementor-headline-text-active\">Certificate of Excellence<\/span>\n\t\t\t\t\t\t\t\t\t\t\t\t<\/span>\n\t\t\t\t\t\t\t\t\t\t\t\t\t<span class=\"elementor-headline-plain-text elementor-headline-text-wrapper\"><br>Pinot Noir 2018<\/span>\n\t\t\t\t\t\t\t\t\t\t\t\t\t\t\t\t<\/h5>\n\t\t\t\t\t\t\t\t<\/div>\n\t\t\t\t<\/div>\n\t\t\t\t\t<\/div>\n\t\t<\/div>\n\t\t\t\t\t<\/div>\n\t\t<\/section>\n\t\t\t\t<section class=\"elementor-section elementor-inner-section elementor-element elementor-element-331d5f0 elementor-section-boxed elementor-section-height-default elementor-section-height-default\" data-id=\"331d5f0\" data-element_type=\"section\" data-e-type=\"section\">\n\t\t\t\t\t\t<div class=\"elementor-container elementor-column-gap-default\">\n\t\t\t\t\t<div class=\"elementor-column elementor-col-100 elementor-inner-column elementor-element elementor-element-7a2702d\" data-id=\"7a2702d\" data-element_type=\"column\" data-e-type=\"column\" data-settings=\"{&quot;background_background&quot;:&quot;classic&quot;}\">\n\t\t\t<div class=\"elementor-widget-wrap elementor-element-populated\">\n\t\t\t\t\t<div class=\"elementor-background-overlay\"><\/div>\n\t\t\t\t\t\t<div class=\"elementor-element elementor-element-7faf6b1 elementor-widget elementor-widget-image\" data-id=\"7faf6b1\" data-element_type=\"widget\" data-e-type=\"widget\" data-widget_type=\"image.default\">\n\t\t\t\t<div class=\"elementor-widget-container\">\n\t\t\t\t\t\t\t\t\t<div class=\"elementor-image\">\n\t\t\t\t\t\t\t\t\t\t\t\t\t\t\t\t\t\t\t\t\t<img decoding=\"async\" src=\"https:\/\/podereconcori.com\/wp-content\/uploads\/elementor\/thumbs\/guida-bio-5-foglie-1-qou4x01pbqxmvrufaogku7rinmbyuu0irc8e604lxc.png\" title=\"bio-guide-5-leaves-1\" alt=\"guida-bio-5-foglie-1\" loading=\"lazy\" \/>\t\t\t\t\t\t\t\t\t\t\t\t\t\t\t\t\t\t\t\t\t\t\t\t<\/div>\n\t\t\t\t\t\t\t\t<\/div>\n\t\t\t\t<\/div>\n\t\t\t\t<div class=\"elementor-element elementor-element-639a9ac elementor-widget__width-initial elementor-widget-mobile__width-initial elementor-fixed elementor-hidden-tablet elementor-hidden-phone elementor-widget elementor-widget-image\" data-id=\"639a9ac\" data-element_type=\"widget\" data-e-type=\"widget\" data-settings=\"{&quot;_position&quot;:&quot;fixed&quot;}\" data-widget_type=\"image.default\">\n\t\t\t\t<div class=\"elementor-widget-container\">\n\t\t\t\t\t\t\t\t\t<div class=\"elementor-image\">\n\t\t\t\t\t\t\t\t\t\t\t\t\t\t\t\t\t\t\t\t\t<img fetchpriority=\"high\" decoding=\"async\" width=\"700\" height=\"700\" src=\"https:\/\/podereconcori.com\/wp-content\/uploads\/2023\/05\/N.png\" class=\"attachment-large size-large wp-image-988332\" alt=\"\" srcset=\"https:\/\/podereconcori.com\/wp-content\/uploads\/2023\/05\/N.png 700w, https:\/\/podereconcori.com\/wp-content\/uploads\/2023\/05\/N-300x300.png 300w, https:\/\/podereconcori.com\/wp-content\/uploads\/2023\/05\/N-150x150.png 150w, https:\/\/podereconcori.com\/wp-content\/uploads\/2023\/05\/N-630x630.png 630w, https:\/\/podereconcori.com\/wp-content\/uploads\/2023\/05\/N-315x315.png 315w\" sizes=\"(max-width: 700px) 100vw, 700px\" \/>\t\t\t\t\t\t\t\t\t\t\t\t\t\t\t\t\t\t\t\t\t\t\t\t<\/div>\n\t\t\t\t\t\t\t\t<\/div>\n\t\t\t\t<\/div>\n\t\t\t\t\t<\/div>\n\t\t<\/div>\n\t\t\t\t\t<\/div>\n\t\t<\/section>\n\t\t\t\t\t<\/div>\n\t\t<\/div>\n\t\t\t\t\t<\/div>\n\t\t<\/section>\n\t\t<div class=\"elementor-element elementor-element-42339a4 e-flex e-con-boxed e-con e-parent\" data-id=\"42339a4\" data-element_type=\"container\" data-e-type=\"container\">\n\t\t\t\t\t<div class=\"e-con-inner\">\n\t\t\t\t<div class=\"elementor-element elementor-element-1ea9407 elementor-align-center elementor-widget elementor-widget-button\" data-id=\"1ea9407\" data-element_type=\"widget\" data-e-type=\"widget\" data-widget_type=\"button.default\">\n\t\t\t\t<div class=\"elementor-widget-container\">\n\t\t\t\t\t\t\t\t\t<div class=\"elementor-button-wrapper\">\n\t\t\t\t\t<a class=\"elementor-button elementor-button-link elementor-size-sm\" href=\"http:\/\/podereconcori.com\/en\/shop\/#vini\">\n\t\t\t\t\t\t<span class=\"elementor-button-content-wrapper\">\n\t\t\t\t\t\t\t\t\t<span class=\"elementor-button-text\">Back to the wines<\/span>\n\t\t\t\t\t<\/span>\n\t\t\t\t\t<\/a>\n\t\t\t\t<\/div>\n\t\t\t\t\t\t\t\t<\/div>\n\t\t\t\t<\/div>\n\t\t\t\t\t<\/div>\n\t\t\t\t<\/div>\n\t\t\t\t<\/div>","protected":false},"excerpt":{"rendered":"<p class=\"p1\">The Pinot Noir grapes come from the Noceto vineyard, located further north, in a small indentation towards the nearby chestnut wood, where the soil has a more rocky skeleton and a particularly shale composition. The hints of wild berries blend with the scent of marasca cherry, while a pleasant acidity keeps the mouth fresh for a balanced and elegant result.<\/p>","protected":false},"featured_media":992596,"template":"","meta":{"inline_featured_image":false},"product_brand":[],"product_cat":[107,116,41],"product_tag":[],"class_list":{"0":"post-987999","1":"product","2":"type-product","3":"status-publish","4":"has-post-thumbnail","6":"product_cat-107","7":"product_cat-116","8":"product_cat-pinot-noir","9":"product_shipping_class-vino","11":"first","12":"instock","13":"taxable","14":"shipping-taxable","15":"purchasable","16":"product-type-simple"},"yoast_head":"<!-- This site is optimized with the Yoast SEO plugin v27.3 - https:\/\/yoast.com\/product\/yoast-seo-wordpress\/ -->\n<title>Pinot Noir - Podere C\u00f2ncori<\/title>\n<meta name=\"description\" content=\"Le uve del Pinot Noir provengono dalla vigna Noceto, situata pi\u00f9 a nord, in una piccola rientranza verso il vicino bosco di castagno, dove il terreno ha uno scheletro pi\u00f9 roccioso e una composizione particolarmente scistosa.\" \/>\n<meta name=\"robots\" content=\"index, follow, max-snippet:-1, max-image-preview:large, max-video-preview:-1\" \/>\n<link rel=\"canonical\" href=\"https:\/\/podereconcori.com\/en\/product\/pinot-noir\/\" \/>\n<meta property=\"og:locale\" content=\"en_GB\" \/>\n<meta property=\"og:type\" content=\"article\" \/>\n<meta property=\"og:title\" content=\"Pinot Noir - Podere C\u00f2ncori\" \/>\n<meta property=\"og:description\" content=\"Le uve del Pinot Noir provengono dalla vigna Noceto, situata pi\u00f9 a nord, in una piccola rientranza verso il vicino bosco di castagno, dove il terreno ha uno scheletro pi\u00f9 roccioso e una composizione particolarmente scistosa.\" \/>\n<meta property=\"og:url\" content=\"https:\/\/podereconcori.com\/en\/product\/pinot-noir\/\" \/>\n<meta property=\"og:site_name\" content=\"Podere C\u00f2ncori\" \/>\n<meta property=\"article:publisher\" content=\"https:\/\/www.facebook.com\/podereconcori\" \/>\n<meta property=\"article:modified_time\" content=\"2026-04-09T14:14:30+00:00\" \/>\n<meta property=\"og:image\" content=\"https:\/\/podereconcori.com\/wp-content\/uploads\/2023\/05\/Pinot-noir-2024-fronte-1.png\" \/>\n\t<meta property=\"og:image:width\" content=\"1000\" \/>\n\t<meta property=\"og:image:height\" content=\"2000\" \/>\n\t<meta property=\"og:image:type\" content=\"image\/png\" \/>\n<meta name=\"twitter:card\" content=\"summary_large_image\" \/>\n<meta name=\"twitter:label1\" content=\"Estimated reading time\" \/>\n\t<meta name=\"twitter:data1\" content=\"2 minutes\" \/>\n<script type=\"application\/ld+json\" class=\"yoast-schema-graph\">{\"@context\":\"https:\\\/\\\/schema.org\",\"@graph\":[{\"@type\":\"WebPage\",\"@id\":\"https:\\\/\\\/podereconcori.com\\\/product\\\/pinot-noir\\\/\",\"url\":\"https:\\\/\\\/podereconcori.com\\\/product\\\/pinot-noir\\\/\",\"name\":\"Pinot Noir - Podere C\u00f2ncori\",\"isPartOf\":{\"@id\":\"https:\\\/\\\/podereconcori.com\\\/#website\"},\"primaryImageOfPage\":{\"@id\":\"https:\\\/\\\/podereconcori.com\\\/product\\\/pinot-noir\\\/#primaryimage\"},\"image\":{\"@id\":\"https:\\\/\\\/podereconcori.com\\\/product\\\/pinot-noir\\\/#primaryimage\"},\"thumbnailUrl\":\"https:\\\/\\\/podereconcori.com\\\/wp-content\\\/uploads\\\/2023\\\/05\\\/Pinot-noir-2024-fronte-1.png\",\"datePublished\":\"2023-05-04T10:34:34+00:00\",\"dateModified\":\"2026-04-09T14:14:30+00:00\",\"description\":\"Le uve del Pinot Noir provengono dalla vigna Noceto, situata pi\u00f9 a nord, in una piccola rientranza verso il vicino bosco di castagno, dove il terreno ha uno scheletro pi\u00f9 roccioso e una composizione particolarmente scistosa.\",\"breadcrumb\":{\"@id\":\"https:\\\/\\\/podereconcori.com\\\/product\\\/pinot-noir\\\/#breadcrumb\"},\"inLanguage\":\"en-GB\",\"potentialAction\":[{\"@type\":\"ReadAction\",\"target\":[\"https:\\\/\\\/podereconcori.com\\\/product\\\/pinot-noir\\\/\"]}]},{\"@type\":\"ImageObject\",\"inLanguage\":\"en-GB\",\"@id\":\"https:\\\/\\\/podereconcori.com\\\/product\\\/pinot-noir\\\/#primaryimage\",\"url\":\"https:\\\/\\\/podereconcori.com\\\/wp-content\\\/uploads\\\/2023\\\/05\\\/Pinot-noir-2024-fronte-1.png\",\"contentUrl\":\"https:\\\/\\\/podereconcori.com\\\/wp-content\\\/uploads\\\/2023\\\/05\\\/Pinot-noir-2024-fronte-1.png\",\"width\":1000,\"height\":2000,\"caption\":\"Pinot-noir\"},{\"@type\":\"BreadcrumbList\",\"@id\":\"https:\\\/\\\/podereconcori.com\\\/product\\\/pinot-noir\\\/#breadcrumb\",\"itemListElement\":[{\"@type\":\"ListItem\",\"position\":1,\"name\":\"Home\",\"item\":\"https:\\\/\\\/podereconcori.com\\\/\"},{\"@type\":\"ListItem\",\"position\":2,\"name\":\"Shop\",\"item\":\"https:\\\/\\\/podereconcori.com\\\/shop\\\/\"},{\"@type\":\"ListItem\",\"position\":3,\"name\":\"Pinot Noir\"}]},{\"@type\":\"WebSite\",\"@id\":\"https:\\\/\\\/podereconcori.com\\\/#website\",\"url\":\"https:\\\/\\\/podereconcori.com\\\/\",\"name\":\"Podere C\u00f2ncori\",\"description\":\"Azienda agricola biodinamica\",\"publisher\":{\"@id\":\"https:\\\/\\\/podereconcori.com\\\/#organization\"},\"potentialAction\":[{\"@type\":\"SearchAction\",\"target\":{\"@type\":\"EntryPoint\",\"urlTemplate\":\"https:\\\/\\\/podereconcori.com\\\/?s={search_term_string}\"},\"query-input\":{\"@type\":\"PropertyValueSpecification\",\"valueRequired\":true,\"valueName\":\"search_term_string\"}}],\"inLanguage\":\"en-GB\"},{\"@type\":\"Organization\",\"@id\":\"https:\\\/\\\/podereconcori.com\\\/#organization\",\"name\":\"Podere C\u00f2ncori\",\"url\":\"https:\\\/\\\/podereconcori.com\\\/\",\"logo\":{\"@type\":\"ImageObject\",\"inLanguage\":\"en-GB\",\"@id\":\"https:\\\/\\\/podereconcori.com\\\/#\\\/schema\\\/logo\\\/image\\\/\",\"url\":\"http:\\\/\\\/podereconcori.com\\\/wp-content\\\/uploads\\\/2023\\\/04\\\/cropped-favicon-Concori-def.png\",\"contentUrl\":\"http:\\\/\\\/podereconcori.com\\\/wp-content\\\/uploads\\\/2023\\\/04\\\/cropped-favicon-Concori-def.png\",\"width\":512,\"height\":512,\"caption\":\"Podere C\u00f2ncori\"},\"image\":{\"@id\":\"https:\\\/\\\/podereconcori.com\\\/#\\\/schema\\\/logo\\\/image\\\/\"},\"sameAs\":[\"https:\\\/\\\/www.facebook.com\\\/podereconcori\"]}]}<\/script>\n<!-- \/ Yoast SEO plugin. -->","yoast_head_json":{"title":"Pinot Noir - Podere C\u00f2ncori","description":"The Pinot Noir grapes come from the Noceto vineyard, located further north, in a small recess towards the nearby chestnut forest, where the soil has a rockier skeleton and a particularly schist composition.","robots":{"index":"index","follow":"follow","max-snippet":"max-snippet:-1","max-image-preview":"max-image-preview:large","max-video-preview":"max-video-preview:-1"},"canonical":"https:\/\/podereconcori.com\/en\/product\/pinot-noir\/","og_locale":"en_GB","og_type":"article","og_title":"Pinot Noir - Podere C\u00f2ncori","og_description":"Le uve del Pinot Noir provengono dalla vigna Noceto, situata pi\u00f9 a nord, in una piccola rientranza verso il vicino bosco di castagno, dove il terreno ha uno scheletro pi\u00f9 roccioso e una composizione particolarmente scistosa.","og_url":"https:\/\/podereconcori.com\/en\/product\/pinot-noir\/","og_site_name":"Podere C\u00f2ncori","article_publisher":"https:\/\/www.facebook.com\/podereconcori","article_modified_time":"2026-04-09T14:14:30+00:00","og_image":[{"width":1000,"height":2000,"url":"https:\/\/podereconcori.com\/wp-content\/uploads\/2023\/05\/Pinot-noir-2024-fronte-1.png","type":"image\/png"}],"twitter_card":"summary_large_image","twitter_misc":{"Estimated reading time":"2 minutes"},"schema":{"@context":"https:\/\/schema.org","@graph":[{"@type":"WebPage","@id":"https:\/\/podereconcori.com\/product\/pinot-noir\/","url":"https:\/\/podereconcori.com\/product\/pinot-noir\/","name":"Pinot Noir - Podere C\u00f2ncori","isPartOf":{"@id":"https:\/\/podereconcori.com\/#website"},"primaryImageOfPage":{"@id":"https:\/\/podereconcori.com\/product\/pinot-noir\/#primaryimage"},"image":{"@id":"https:\/\/podereconcori.com\/product\/pinot-noir\/#primaryimage"},"thumbnailUrl":"https:\/\/podereconcori.com\/wp-content\/uploads\/2023\/05\/Pinot-noir-2024-fronte-1.png","datePublished":"2023-05-04T10:34:34+00:00","dateModified":"2026-04-09T14:14:30+00:00","description":"The Pinot Noir grapes come from the Noceto vineyard, located further north, in a small recess towards the nearby chestnut forest, where the soil has a rockier skeleton and a particularly schist composition.","breadcrumb":{"@id":"https:\/\/podereconcori.com\/product\/pinot-noir\/#breadcrumb"},"inLanguage":"en-GB","potentialAction":[{"@type":"ReadAction","target":["https:\/\/podereconcori.com\/product\/pinot-noir\/"]}]},{"@type":"ImageObject","inLanguage":"en-GB","@id":"https:\/\/podereconcori.com\/product\/pinot-noir\/#primaryimage","url":"https:\/\/podereconcori.com\/wp-content\/uploads\/2023\/05\/Pinot-noir-2024-fronte-1.png","contentUrl":"https:\/\/podereconcori.com\/wp-content\/uploads\/2023\/05\/Pinot-noir-2024-fronte-1.png","width":1000,"height":2000,"caption":"Pinot-noir"},{"@type":"BreadcrumbList","@id":"https:\/\/podereconcori.com\/product\/pinot-noir\/#breadcrumb","itemListElement":[{"@type":"ListItem","position":1,"name":"Home","item":"https:\/\/podereconcori.com\/"},{"@type":"ListItem","position":2,"name":"Shop","item":"https:\/\/podereconcori.com\/shop\/"},{"@type":"ListItem","position":3,"name":"Pinot Noir"}]},{"@type":"WebSite","@id":"https:\/\/podereconcori.com\/#website","url":"https:\/\/podereconcori.com\/","name":"Podere Concori","description":"Biodynamic farm","publisher":{"@id":"https:\/\/podereconcori.com\/#organization"},"potentialAction":[{"@type":"SearchAction","target":{"@type":"EntryPoint","urlTemplate":"https:\/\/podereconcori.com\/?s={search_term_string}"},"query-input":{"@type":"PropertyValueSpecification","valueRequired":true,"valueName":"search_term_string"}}],"inLanguage":"en-GB"},{"@type":"Organization","@id":"https:\/\/podereconcori.com\/#organization","name":"Podere Concori","url":"https:\/\/podereconcori.com\/","logo":{"@type":"ImageObject","inLanguage":"en-GB","@id":"https:\/\/podereconcori.com\/#\/schema\/logo\/image\/","url":"http:\/\/podereconcori.com\/wp-content\/uploads\/2023\/04\/cropped-favicon-Concori-def.png","contentUrl":"http:\/\/podereconcori.com\/wp-content\/uploads\/2023\/04\/cropped-favicon-Concori-def.png","width":512,"height":512,"caption":"Podere C\u00f2ncori"},"image":{"@id":"https:\/\/podereconcori.com\/#\/schema\/logo\/image\/"},"sameAs":["https:\/\/www.facebook.com\/podereconcori"]}]}},"_links":{"self":[{"href":"https:\/\/podereconcori.com\/en\/wp-json\/wp\/v2\/product\/987999","targetHints":{"allow":["GET"]}}],"collection":[{"href":"https:\/\/podereconcori.com\/en\/wp-json\/wp\/v2\/product"}],"about":[{"href":"https:\/\/podereconcori.com\/en\/wp-json\/wp\/v2\/types\/product"}],"version-history":[{"count":51,"href":"https:\/\/podereconcori.com\/en\/wp-json\/wp\/v2\/product\/987999\/revisions"}],"predecessor-version":[{"id":992598,"href":"https:\/\/podereconcori.com\/en\/wp-json\/wp\/v2\/product\/987999\/revisions\/992598"}],"wp:featuredmedia":[{"embeddable":true,"href":"https:\/\/podereconcori.com\/en\/wp-json\/wp\/v2\/media\/992596"}],"wp:attachment":[{"href":"https:\/\/podereconcori.com\/en\/wp-json\/wp\/v2\/media?parent=987999"}],"wp:term":[{"taxonomy":"product_brand","embeddable":true,"href":"https:\/\/podereconcori.com\/en\/wp-json\/wp\/v2\/product_brand?post=987999"},{"taxonomy":"product_cat","embeddable":true,"href":"https:\/\/podereconcori.com\/en\/wp-json\/wp\/v2\/product_cat?post=987999"},{"taxonomy":"product_tag","embeddable":true,"href":"https:\/\/podereconcori.com\/en\/wp-json\/wp\/v2\/product_tag?post=987999"}],"curies":[{"name":"wp","href":"https:\/\/api.w.org\/{rel}","templated":true}]}}