{"id":988059,"date":"2023-05-04T14:03:34","date_gmt":"2023-05-04T14:03:34","guid":{"rendered":"http:\/\/podereconcori.com\/?post_type=product&#038;p=988059"},"modified":"2026-04-09T14:44:52","modified_gmt":"2026-04-09T14:44:52","slug":"concori-bianco","status":"publish","type":"product","link":"https:\/\/podereconcori.com\/en\/product\/concori-bianco\/","title":{"rendered":"C\u00f2ncori Bianco"},"content":{"rendered":"<div data-elementor-type=\"product-post\" data-elementor-id=\"988059\" class=\"elementor elementor-988059\" data-elementor-post-type=\"product\">\n\t\t\t\t\t\t<section class=\"elementor-section elementor-top-section elementor-element elementor-element-291ac02 elementor-section-boxed elementor-section-height-default elementor-section-height-default\" data-id=\"291ac02\" data-element_type=\"section\" data-e-type=\"section\">\n\t\t\t\t\t\t<div class=\"elementor-container elementor-column-gap-default\">\n\t\t\t\t\t<div class=\"elementor-column elementor-col-100 elementor-top-column elementor-element elementor-element-b960f3f\" data-id=\"b960f3f\" data-element_type=\"column\" data-e-type=\"column\">\n\t\t\t<div class=\"elementor-widget-wrap elementor-element-populated\">\n\t\t\t\t\t\t<div class=\"elementor-element elementor-element-1b05cb1 elementor-widget elementor-widget-heading\" data-id=\"1b05cb1\" data-element_type=\"widget\" data-e-type=\"widget\" data-widget_type=\"heading.default\">\n\t\t\t\t<div class=\"elementor-widget-container\">\n\t\t\t\t\t<h5 class=\"elementor-heading-title elementor-size-default\">Technical description<\/h5>\t\t\t\t<\/div>\n\t\t\t\t<\/div>\n\t\t\t\t<div class=\"elementor-element elementor-element-b9044c3 elementor-widget elementor-widget-text-editor\" data-id=\"b9044c3\" data-element_type=\"widget\" data-e-type=\"widget\" data-widget_type=\"text-editor.default\">\n\t\t\t\t<div class=\"elementor-widget-container\">\n\t\t\t\t\t\t\t\t\t<p class=\"p1\"><strong><span style=\"color: var(--vamtam-primary-font-color); letter-spacing: var(--vamtam-primary-font-letter-spacing-desktop,normal); text-transform: var(--vamtam-primary-font-transform,none);\">Year: <\/span><\/strong><span style=\"color: var(--vamtam-primary-font-color); letter-spacing: var(--vamtam-primary-font-letter-spacing-desktop,normal); text-transform: var(--vamtam-primary-font-transform,none);\">2024<br \/><strong>ml:<\/strong> 750<br \/><strong>Alcohol content:<\/strong> 12%<br \/><\/span><\/p><hr \/><p class=\"p1\"><span style=\"color: var(--vamtam-primary-font-color); letter-spacing: var(--vamtam-primary-font-letter-spacing-desktop,normal); text-transform: var(--vamtam-primary-font-transform,none);\"><br \/><\/span><strong>Name:<\/strong> Concori Bianco BIO IGT<br \/><strong>Variety:<\/strong> Chenin Blanc 100%<br \/><strong>Vineyards:<\/strong> Priest, Selvapiana, Renaio<br \/><strong>Method of implantation:<\/strong> single guyot with density between 4000 and 7000 vines\/hectare<br \/><strong>Soil:<\/strong> Miocene shale sandstones; sandy soils formed by minerals with a good presence of silica<br \/><strong>Fermentation:<\/strong> spontaneous in open tanks, maceration for 15 days<br \/><strong>Refinement:<\/strong> cement for 5 months and bottle<br \/><strong>Production:<\/strong> 5500 bottles<br \/><strong>So2:<\/strong> 30 mg\\l<br \/><strong>Certifications:<\/strong> Sot Icea<\/p>\t\t\t\t\t\t\t\t<\/div>\n\t\t\t\t<\/div>\n\t\t\t\t<div class=\"elementor-element elementor-element-495ec43 elementor-widget elementor-widget-heading\" data-id=\"495ec43\" data-element_type=\"widget\" data-e-type=\"widget\" data-widget_type=\"heading.default\">\n\t\t\t\t<div class=\"elementor-widget-container\">\n\t\t\t\t\t<h5 class=\"elementor-heading-title elementor-size-default\">Acknowledgments<\/h5>\t\t\t\t<\/div>\n\t\t\t\t<\/div>\n\t\t\t\t<section class=\"elementor-section elementor-inner-section elementor-element elementor-element-331d5f0 elementor-section-boxed elementor-section-height-default elementor-section-height-default\" data-id=\"331d5f0\" data-element_type=\"section\" data-e-type=\"section\">\n\t\t\t\t\t\t<div class=\"elementor-container elementor-column-gap-default\">\n\t\t\t\t\t<div class=\"elementor-column elementor-col-100 elementor-inner-column elementor-element elementor-element-bf06f9c\" data-id=\"bf06f9c\" data-element_type=\"column\" data-e-type=\"column\">\n\t\t\t<div class=\"elementor-widget-wrap elementor-element-populated\">\n\t\t\t\t\t\t<div class=\"elementor-element elementor-element-ae97964 elementor-widget__width-initial elementor-widget-mobile__width-initial elementor-fixed elementor-hidden-tablet elementor-hidden-phone elementor-widget elementor-widget-image\" data-id=\"ae97964\" data-element_type=\"widget\" data-e-type=\"widget\" data-settings=\"{&quot;_position&quot;:&quot;fixed&quot;}\" data-widget_type=\"image.default\">\n\t\t\t\t<div class=\"elementor-widget-container\">\n\t\t\t\t\t\t\t\t\t<div class=\"elementor-image\">\n\t\t\t\t\t\t\t\t\t\t\t\t\t\t\t\t\t\t\t\t\t<img fetchpriority=\"high\" decoding=\"async\" width=\"700\" height=\"700\" src=\"https:\/\/podereconcori.com\/wp-content\/uploads\/2023\/05\/B-3.png\" class=\"attachment-medium_large size-medium_large wp-image-988288\" alt=\"\" srcset=\"https:\/\/podereconcori.com\/wp-content\/uploads\/2023\/05\/B-3.png 700w, https:\/\/podereconcori.com\/wp-content\/uploads\/2023\/05\/B-3-300x300.png 300w, https:\/\/podereconcori.com\/wp-content\/uploads\/2023\/05\/B-3-150x150.png 150w, https:\/\/podereconcori.com\/wp-content\/uploads\/2023\/05\/B-3-630x630.png 630w, https:\/\/podereconcori.com\/wp-content\/uploads\/2023\/05\/B-3-315x315.png 315w\" sizes=\"(max-width: 700px) 100vw, 700px\" \/>\t\t\t\t\t\t\t\t\t\t\t\t\t\t\t\t\t\t\t\t\t\t\t\t<\/div>\n\t\t\t\t\t\t\t\t<\/div>\n\t\t\t\t<\/div>\n\t\t\t\t<div class=\"elementor-element elementor-element-324525a elementor-headline--style-highlight elementor-widget elementor-widget-vamtam-animated-headline\" data-id=\"324525a\" data-element_type=\"widget\" data-e-type=\"widget\" data-settings=\"{&quot;marker&quot;:&quot;underline_zigzag&quot;,&quot;highlighted_text&quot;:&quot;Certificato di eccellenza&quot;,&quot;headline_style&quot;:&quot;highlight&quot;,&quot;loop&quot;:&quot;yes&quot;,&quot;highlight_animation_duration&quot;:1200,&quot;highlight_iteration_delay&quot;:8000}\" data-widget_type=\"vamtam-animated-headline.default\">\n\t\t\t\t<div class=\"elementor-widget-container\">\n\t\t\t\t\t\t\t\t\t<h5 class=\"elementor-headline\">\n\t\t\t\t\t\t\t\t\t\t\t\t\t\t\t\t\t\t<span class=\"elementor-headline-plain-text elementor-headline-text-wrapper\">Organic Guide: <br><\/span>\n\t\t\t\t\t\t\t\t\t\t\t\t<span class=\"elementor-headline-dynamic-wrapper elementor-headline-text-wrapper\">\n\t\t\t\t\t\t\t\t\t\t\t\t\t<span class=\"elementor-headline-dynamic-text elementor-headline-text-active\">Certificate of Excellence<\/span>\n\t\t\t\t\t\t\t\t\t\t\t\t<\/span>\n\t\t\t\t\t\t\t\t\t\t\t\t\t<span class=\"elementor-headline-plain-text elementor-headline-text-wrapper\"><br>Concori Bianco 2019<\/span>\n\t\t\t\t\t\t\t\t\t\t\t\t\t\t\t\t<\/h5>\n\t\t\t\t\t\t\t\t<\/div>\n\t\t\t\t<\/div>\n\t\t\t\t\t<\/div>\n\t\t<\/div>\n\t\t\t\t\t<\/div>\n\t\t<\/section>\n\t\t\t\t<section class=\"elementor-section elementor-inner-section elementor-element elementor-element-5f9fb7a elementor-section-boxed elementor-section-height-default elementor-section-height-default\" data-id=\"5f9fb7a\" data-element_type=\"section\" data-e-type=\"section\">\n\t\t\t\t\t\t<div class=\"elementor-container elementor-column-gap-default\">\n\t\t\t\t\t<div class=\"elementor-column elementor-col-100 elementor-inner-column elementor-element elementor-element-e7bc2c7\" data-id=\"e7bc2c7\" data-element_type=\"column\" data-e-type=\"column\" data-settings=\"{&quot;background_background&quot;:&quot;classic&quot;}\">\n\t\t\t<div class=\"elementor-widget-wrap elementor-element-populated\">\n\t\t\t\t\t<div class=\"elementor-background-overlay\"><\/div>\n\t\t\t\t\t\t<div class=\"elementor-element elementor-element-8a31ac6 elementor-widget elementor-widget-image\" data-id=\"8a31ac6\" data-element_type=\"widget\" data-e-type=\"widget\" data-widget_type=\"image.default\">\n\t\t\t\t<div class=\"elementor-widget-container\">\n\t\t\t\t\t\t\t\t\t<div class=\"elementor-image\">\n\t\t\t\t\t\t\t\t\t\t\t\t\t\t\t\t\t\t\t\t\t<img decoding=\"async\" width=\"87\" height=\"30\" src=\"https:\/\/podereconcori.com\/wp-content\/uploads\/2023\/05\/guida-bio-3-foglie-1.png\" class=\"attachment-full size-full wp-image-989323\" alt=\"\" \/>\t\t\t\t\t\t\t\t\t\t\t\t\t\t\t\t\t\t\t\t\t\t\t\t<\/div>\n\t\t\t\t\t\t\t\t<\/div>\n\t\t\t\t<\/div>\n\t\t\t\t\t<\/div>\n\t\t<\/div>\n\t\t\t\t\t<\/div>\n\t\t<\/section>\n\t\t\t\t\t<\/div>\n\t\t<\/div>\n\t\t\t\t\t<\/div>\n\t\t<\/section>\n\t\t<div class=\"elementor-element elementor-element-022b4e3 e-flex e-con-boxed e-con e-parent\" data-id=\"022b4e3\" data-element_type=\"container\" data-e-type=\"container\">\n\t\t\t\t\t<div class=\"e-con-inner\">\n\t\t\t\t<div class=\"elementor-element elementor-element-31c2ef3 elementor-align-center elementor-widget elementor-widget-button\" data-id=\"31c2ef3\" data-element_type=\"widget\" data-e-type=\"widget\" data-widget_type=\"button.default\">\n\t\t\t\t<div class=\"elementor-widget-container\">\n\t\t\t\t\t\t\t\t\t<div class=\"elementor-button-wrapper\">\n\t\t\t\t\t<a class=\"elementor-button elementor-button-link elementor-size-sm\" href=\"http:\/\/podereconcori.com\/en\/shop\/#vini\">\n\t\t\t\t\t\t<span class=\"elementor-button-content-wrapper\">\n\t\t\t\t\t\t\t\t\t<span class=\"elementor-button-text\">Back to the wines<\/span>\n\t\t\t\t\t<\/span>\n\t\t\t\t\t<\/a>\n\t\t\t\t<\/div>\n\t\t\t\t\t\t\t\t<\/div>\n\t\t\t\t<\/div>\n\t\t\t\t\t<\/div>\n\t\t\t\t<\/div>\n\t\t\t\t<\/div>","protected":false},"excerpt":{"rendered":"<p class=\"p1\">It originates from two small vineyards situated in the highest part of the Podere: Selvapiana and Prete, an ancient plot once belonging to the church of nearby Fiattone. The constant Apennine ventilation and the unique composition of the soil, characterized by sand and shale, make this wine an authentic expression of our territory, reminiscent of the whites of the Loire Valley for its acidity, freshness, and elegance<\/p>","protected":false},"featured_media":992567,"template":"","meta":{"inline_featured_image":false},"product_brand":[],"product_cat":[116,78],"product_tag":[],"class_list":{"0":"post-988059","1":"product","2":"type-product","3":"status-publish","4":"has-post-thumbnail","6":"product_cat-116","7":"product_cat-chenin-blanc","8":"product_shipping_class-vino","10":"first","11":"instock","12":"taxable","13":"shipping-taxable","14":"purchasable","15":"product-type-simple"},"yoast_head":"<!-- This site is optimized with the Yoast SEO plugin v27.4 - https:\/\/yoast.com\/product\/yoast-seo-wordpress\/ -->\n<title>C\u00f2ncori Bianco - Podere C\u00f2ncori<\/title>\n<meta name=\"description\" content=\"Nasce da due piccole vigne situate nella parte pi\u00f9 alta del Podere: Selvapiana e Prete, un antico appezzamento appartenuto alla chiesa della vicina Fiattone.\" \/>\n<meta name=\"robots\" content=\"index, follow, max-snippet:-1, max-image-preview:large, max-video-preview:-1\" \/>\n<link rel=\"canonical\" href=\"https:\/\/podereconcori.com\/en\/product\/concori-bianco\/\" \/>\n<meta property=\"og:locale\" content=\"en_GB\" \/>\n<meta property=\"og:type\" content=\"article\" \/>\n<meta property=\"og:title\" content=\"C\u00f2ncori Bianco - Podere C\u00f2ncori\" \/>\n<meta property=\"og:description\" content=\"Nasce da due piccole vigne situate nella parte pi\u00f9 alta del Podere: Selvapiana e Prete, un antico appezzamento appartenuto alla chiesa della vicina Fiattone.\" \/>\n<meta property=\"og:url\" content=\"https:\/\/podereconcori.com\/en\/product\/concori-bianco\/\" \/>\n<meta property=\"og:site_name\" content=\"Podere C\u00f2ncori\" \/>\n<meta property=\"article:publisher\" content=\"https:\/\/www.facebook.com\/podereconcori\" \/>\n<meta property=\"article:modified_time\" content=\"2026-04-09T14:44:52+00:00\" \/>\n<meta property=\"og:image\" content=\"https:\/\/podereconcori.com\/wp-content\/uploads\/2023\/05\/Bianco-2025-fronte.png\" \/>\n\t<meta property=\"og:image:width\" content=\"1000\" \/>\n\t<meta property=\"og:image:height\" content=\"2000\" \/>\n\t<meta property=\"og:image:type\" content=\"image\/png\" \/>\n<meta name=\"twitter:card\" content=\"summary_large_image\" \/>\n<meta name=\"twitter:label1\" content=\"Estimated reading time\" \/>\n\t<meta name=\"twitter:data1\" content=\"2 minutes\" \/>\n<script type=\"application\/ld+json\" class=\"yoast-schema-graph\">{\"@context\":\"https:\\\/\\\/schema.org\",\"@graph\":[{\"@type\":\"WebPage\",\"@id\":\"https:\\\/\\\/podereconcori.com\\\/product\\\/concori-bianco\\\/\",\"url\":\"https:\\\/\\\/podereconcori.com\\\/product\\\/concori-bianco\\\/\",\"name\":\"C\u00f2ncori Bianco - Podere C\u00f2ncori\",\"isPartOf\":{\"@id\":\"https:\\\/\\\/podereconcori.com\\\/#website\"},\"primaryImageOfPage\":{\"@id\":\"https:\\\/\\\/podereconcori.com\\\/product\\\/concori-bianco\\\/#primaryimage\"},\"image\":{\"@id\":\"https:\\\/\\\/podereconcori.com\\\/product\\\/concori-bianco\\\/#primaryimage\"},\"thumbnailUrl\":\"https:\\\/\\\/podereconcori.com\\\/wp-content\\\/uploads\\\/2023\\\/05\\\/Bianco-2025-fronte.png\",\"datePublished\":\"2023-05-04T14:03:34+00:00\",\"dateModified\":\"2026-04-09T14:44:52+00:00\",\"description\":\"Nasce da due piccole vigne situate nella parte pi\u00f9 alta del Podere: Selvapiana e Prete, un antico appezzamento appartenuto alla chiesa della vicina Fiattone.\",\"breadcrumb\":{\"@id\":\"https:\\\/\\\/podereconcori.com\\\/product\\\/concori-bianco\\\/#breadcrumb\"},\"inLanguage\":\"en-GB\",\"potentialAction\":[{\"@type\":\"ReadAction\",\"target\":[\"https:\\\/\\\/podereconcori.com\\\/product\\\/concori-bianco\\\/\"]}]},{\"@type\":\"ImageObject\",\"inLanguage\":\"en-GB\",\"@id\":\"https:\\\/\\\/podereconcori.com\\\/product\\\/concori-bianco\\\/#primaryimage\",\"url\":\"https:\\\/\\\/podereconcori.com\\\/wp-content\\\/uploads\\\/2023\\\/05\\\/Bianco-2025-fronte.png\",\"contentUrl\":\"https:\\\/\\\/podereconcori.com\\\/wp-content\\\/uploads\\\/2023\\\/05\\\/Bianco-2025-fronte.png\",\"width\":1000,\"height\":2000,\"caption\":\"Bianco\"},{\"@type\":\"BreadcrumbList\",\"@id\":\"https:\\\/\\\/podereconcori.com\\\/product\\\/concori-bianco\\\/#breadcrumb\",\"itemListElement\":[{\"@type\":\"ListItem\",\"position\":1,\"name\":\"Home\",\"item\":\"https:\\\/\\\/podereconcori.com\\\/\"},{\"@type\":\"ListItem\",\"position\":2,\"name\":\"Shop\",\"item\":\"https:\\\/\\\/podereconcori.com\\\/shop\\\/\"},{\"@type\":\"ListItem\",\"position\":3,\"name\":\"C\u00f2ncori Bianco\"}]},{\"@type\":\"WebSite\",\"@id\":\"https:\\\/\\\/podereconcori.com\\\/#website\",\"url\":\"https:\\\/\\\/podereconcori.com\\\/\",\"name\":\"Podere C\u00f2ncori\",\"description\":\"Azienda agricola biodinamica\",\"publisher\":{\"@id\":\"https:\\\/\\\/podereconcori.com\\\/#organization\"},\"potentialAction\":[{\"@type\":\"SearchAction\",\"target\":{\"@type\":\"EntryPoint\",\"urlTemplate\":\"https:\\\/\\\/podereconcori.com\\\/?s={search_term_string}\"},\"query-input\":{\"@type\":\"PropertyValueSpecification\",\"valueRequired\":true,\"valueName\":\"search_term_string\"}}],\"inLanguage\":\"en-GB\"},{\"@type\":\"Organization\",\"@id\":\"https:\\\/\\\/podereconcori.com\\\/#organization\",\"name\":\"Podere C\u00f2ncori\",\"url\":\"https:\\\/\\\/podereconcori.com\\\/\",\"logo\":{\"@type\":\"ImageObject\",\"inLanguage\":\"en-GB\",\"@id\":\"https:\\\/\\\/podereconcori.com\\\/#\\\/schema\\\/logo\\\/image\\\/\",\"url\":\"http:\\\/\\\/podereconcori.com\\\/wp-content\\\/uploads\\\/2023\\\/04\\\/cropped-favicon-Concori-def.png\",\"contentUrl\":\"http:\\\/\\\/podereconcori.com\\\/wp-content\\\/uploads\\\/2023\\\/04\\\/cropped-favicon-Concori-def.png\",\"width\":512,\"height\":512,\"caption\":\"Podere C\u00f2ncori\"},\"image\":{\"@id\":\"https:\\\/\\\/podereconcori.com\\\/#\\\/schema\\\/logo\\\/image\\\/\"},\"sameAs\":[\"https:\\\/\\\/www.facebook.com\\\/podereconcori\"]}]}<\/script>\n<!-- \/ Yoast SEO plugin. -->","yoast_head_json":{"title":"C\u00f2ncori Bianco - Podere C\u00f2ncori","description":"Nasce da due piccole vigne situate nella parte pi\u00f9 alta del Podere: Selvapiana e Prete, un antico appezzamento appartenuto alla chiesa della vicina Fiattone.","robots":{"index":"index","follow":"follow","max-snippet":"max-snippet:-1","max-image-preview":"max-image-preview:large","max-video-preview":"max-video-preview:-1"},"canonical":"https:\/\/podereconcori.com\/en\/product\/concori-bianco\/","og_locale":"en_GB","og_type":"article","og_title":"C\u00f2ncori Bianco - Podere C\u00f2ncori","og_description":"Nasce da due piccole vigne situate nella parte pi\u00f9 alta del Podere: Selvapiana e Prete, un antico appezzamento appartenuto alla chiesa della vicina Fiattone.","og_url":"https:\/\/podereconcori.com\/en\/product\/concori-bianco\/","og_site_name":"Podere C\u00f2ncori","article_publisher":"https:\/\/www.facebook.com\/podereconcori","article_modified_time":"2026-04-09T14:44:52+00:00","og_image":[{"width":1000,"height":2000,"url":"https:\/\/podereconcori.com\/wp-content\/uploads\/2023\/05\/Bianco-2025-fronte.png","type":"image\/png"}],"twitter_card":"summary_large_image","twitter_misc":{"Estimated reading time":"2 minutes"},"schema":{"@context":"https:\/\/schema.org","@graph":[{"@type":"WebPage","@id":"https:\/\/podereconcori.com\/product\/concori-bianco\/","url":"https:\/\/podereconcori.com\/product\/concori-bianco\/","name":"C\u00f2ncori Bianco - Podere C\u00f2ncori","isPartOf":{"@id":"https:\/\/podereconcori.com\/#website"},"primaryImageOfPage":{"@id":"https:\/\/podereconcori.com\/product\/concori-bianco\/#primaryimage"},"image":{"@id":"https:\/\/podereconcori.com\/product\/concori-bianco\/#primaryimage"},"thumbnailUrl":"https:\/\/podereconcori.com\/wp-content\/uploads\/2023\/05\/Bianco-2025-fronte.png","datePublished":"2023-05-04T14:03:34+00:00","dateModified":"2026-04-09T14:44:52+00:00","description":"Nasce da due piccole vigne situate nella parte pi\u00f9 alta del Podere: Selvapiana e Prete, un antico appezzamento appartenuto alla chiesa della vicina Fiattone.","breadcrumb":{"@id":"https:\/\/podereconcori.com\/product\/concori-bianco\/#breadcrumb"},"inLanguage":"en-GB","potentialAction":[{"@type":"ReadAction","target":["https:\/\/podereconcori.com\/product\/concori-bianco\/"]}]},{"@type":"ImageObject","inLanguage":"en-GB","@id":"https:\/\/podereconcori.com\/product\/concori-bianco\/#primaryimage","url":"https:\/\/podereconcori.com\/wp-content\/uploads\/2023\/05\/Bianco-2025-fronte.png","contentUrl":"https:\/\/podereconcori.com\/wp-content\/uploads\/2023\/05\/Bianco-2025-fronte.png","width":1000,"height":2000,"caption":"Bianco"},{"@type":"BreadcrumbList","@id":"https:\/\/podereconcori.com\/product\/concori-bianco\/#breadcrumb","itemListElement":[{"@type":"ListItem","position":1,"name":"Home","item":"https:\/\/podereconcori.com\/"},{"@type":"ListItem","position":2,"name":"Shop","item":"https:\/\/podereconcori.com\/shop\/"},{"@type":"ListItem","position":3,"name":"C\u00f2ncori Bianco"}]},{"@type":"WebSite","@id":"https:\/\/podereconcori.com\/#website","url":"https:\/\/podereconcori.com\/","name":"Podere Concori","description":"Biodynamic farm","publisher":{"@id":"https:\/\/podereconcori.com\/#organization"},"potentialAction":[{"@type":"SearchAction","target":{"@type":"EntryPoint","urlTemplate":"https:\/\/podereconcori.com\/?s={search_term_string}"},"query-input":{"@type":"PropertyValueSpecification","valueRequired":true,"valueName":"search_term_string"}}],"inLanguage":"en-GB"},{"@type":"Organization","@id":"https:\/\/podereconcori.com\/#organization","name":"Podere Concori","url":"https:\/\/podereconcori.com\/","logo":{"@type":"ImageObject","inLanguage":"en-GB","@id":"https:\/\/podereconcori.com\/#\/schema\/logo\/image\/","url":"http:\/\/podereconcori.com\/wp-content\/uploads\/2023\/04\/cropped-favicon-Concori-def.png","contentUrl":"http:\/\/podereconcori.com\/wp-content\/uploads\/2023\/04\/cropped-favicon-Concori-def.png","width":512,"height":512,"caption":"Podere C\u00f2ncori"},"image":{"@id":"https:\/\/podereconcori.com\/#\/schema\/logo\/image\/"},"sameAs":["https:\/\/www.facebook.com\/podereconcori"]}]}},"_links":{"self":[{"href":"https:\/\/podereconcori.com\/en\/wp-json\/wp\/v2\/product\/988059","targetHints":{"allow":["GET"]}}],"collection":[{"href":"https:\/\/podereconcori.com\/en\/wp-json\/wp\/v2\/product"}],"about":[{"href":"https:\/\/podereconcori.com\/en\/wp-json\/wp\/v2\/types\/product"}],"version-history":[{"count":105,"href":"https:\/\/podereconcori.com\/en\/wp-json\/wp\/v2\/product\/988059\/revisions"}],"predecessor-version":[{"id":992610,"href":"https:\/\/podereconcori.com\/en\/wp-json\/wp\/v2\/product\/988059\/revisions\/992610"}],"wp:featuredmedia":[{"embeddable":true,"href":"https:\/\/podereconcori.com\/en\/wp-json\/wp\/v2\/media\/992567"}],"wp:attachment":[{"href":"https:\/\/podereconcori.com\/en\/wp-json\/wp\/v2\/media?parent=988059"}],"wp:term":[{"taxonomy":"product_brand","embeddable":true,"href":"https:\/\/podereconcori.com\/en\/wp-json\/wp\/v2\/product_brand?post=988059"},{"taxonomy":"product_cat","embeddable":true,"href":"https:\/\/podereconcori.com\/en\/wp-json\/wp\/v2\/product_cat?post=988059"},{"taxonomy":"product_tag","embeddable":true,"href":"https:\/\/podereconcori.com\/en\/wp-json\/wp\/v2\/product_tag?post=988059"}],"curies":[{"name":"wp","href":"https:\/\/api.w.org\/{rel}","templated":true}]}}